{"id":11,"date":"2017-10-30T15:11:53","date_gmt":"2017-10-30T15:11:53","guid":{"rendered":"http:\/\/demo.safirtema.com\/atlas\/?page_id=11"},"modified":"2024-05-23T20:09:05","modified_gmt":"2024-05-23T20:09:05","slug":"hakkimizda","status":"publish","type":"page","link":"https:\/\/malatyakaleprefabrik.com\/?page_id=11","title":{"rendered":"Hakk\u0131m\u0131zda"},"content":{"rendered":"\n<p>Malatya Kale Prefabrik 2016 y\u0131l\u0131nda Malatya\u2019da Kurulmu\u015f ve\u00a0\u0130n\u015faat sekt\u00f6r\u00fcnde orta ve b\u00fcy\u00fck \u00f6l\u00e7ekli projelerin geli\u015ftirilmesi, \u00fclkemize yeni in\u015faat teknolojilerinin getirilmesi ve teknolojideki son yenilikleri takip ederek in\u015faat sekt\u00f6r\u00fcm\u00fcz\u00fcn \u00e7a\u011fda\u015f d\u00fczeye ula\u015fmas\u0131na katk\u0131 sunmak amac\u0131yla Malatya\u2019da kurulmu\u015f olan\u00a0Malatya Kale Prefabrik, kurulu\u015fundan beri s\u00fcregelen profesyonellik, yarat\u0131c\u0131l\u0131k, d\u00fcr\u00fcstl\u00fck ve pazar\u0131 geli\u015ftirme \u00f6zellikleriyle istikrarl\u0131 bir b\u00fcy\u00fcme g\u00f6stererek in\u015faat d\u00fcnyas\u0131nda sayg\u0131n bir yer edinmi\u015ftir. Sekt\u00f6rde ki geli\u015fmeleri ve pazardaki yeni talepleri yak\u0131ndan takip eden firma y\u00f6netimi, g\u00fc\u00e7l\u00fc idari ve mali birikimi ile sekt\u00f6rde \u00f6nc\u00fc firmalardan biri olmay\u0131 planlamaktad\u0131r. B\u00fcy\u00fck m\u00fchendislik projelerini hayata ge\u00e7irmeye devam eden firmam\u0131z kuruldu\u011fundan itibaren T\u00fcrkiye\u2019nin her b\u00f6lgesinde; \u00f6nc\u00fc ve \u00f6rnek nitelikte, kaliteli, yenilik\u00e7i bir\u00e7ok projeye imzas\u0131n\u0131 atm\u0131\u015ft\u0131r.<\/p>\n\n\n\n<div class=\"wp-block-safirtema-mainheading singleHeading\"><div class=\"icon safiricon\"><svg class=\"safiricon-yildiz\"><use href=\"#safiricon-yildiz\"><\/use><\/svg><\/div><div class=\"text\">Misyonumuz<\/div><\/div>\n\n\n\n<p>G\u00fcvenilir ve d\u00fcr\u00fcst \u00e7al\u0131\u015fma ilkeleriyle sekt\u00f6r\u00fcnde aran\u0131lan isimlerden biri olarak nesiller boyu insanl\u0131\u011fa hizmet verecek yap\u0131lar \u00fcretme bilinci i\u00e7inde, yapt\u0131\u011f\u0131 t\u00fcm projeleri kaliteli, sorunsuz ve zaman\u0131nda yerine getirerek, en m\u00fckemmel sonuca ula\u015ft\u0131rmak.<br>T\u00fcm kamu ve \u00f6zel kurumlar\u0131n isteklerini kendi hedefimiz olarak benimseyerek en ince ayr\u0131nt\u0131lar\u0131na kadar daima en kusursuzu in\u015fa etmek i\u00e7in \u00e7al\u0131\u015fmak.<br>Ana faaliyet alan\u0131 Betonarme Prefabrik, \u00c7elik Prefabrik ve Ah\u015fap Prefabrik, projelendirme ve uygulama alanlar\u0131nda kendi uzman&nbsp; kadrosu ile d\u00fcnya standartlar\u0131nda hizmet vermek,<br>Sekt\u00f6rle ilgili teknik ve idari \u015fartnameleri, uygun hizmet verebilmek amac\u0131yla g\u00fcncel olarak takip etmekte ve \u00fcstlendi\u011fi i\u015fleri nesilden nesile aktar\u0131lan kal\u0131c\u0131 bir eser olarak teslim etmek.<br>Bir projenin ba\u015far\u0131s\u0131ndaki en vazge\u00e7ilmez unsurun insan fakt\u00f6r\u00fc oldu\u011funun bilinciyle, tecr\u00fcbelerini i\u015fe adam\u0131\u015f personelinin ya\u015fam kalitesine de\u011fer katmay\u0131 ilke edinerek in\u015faat d\u00fcnyas\u0131ndaki her t\u00fcrl\u00fc teknolojik geli\u015fme ve yenili\u011fi \u00fcretiminin t\u00fcm alanlar\u0131na yans\u0131tarak do\u011faya zarar vermeden \u015fekillendirip, insanl\u0131\u011f\u0131n hizmetine en verimli ve temiz \u015fekilde sunmak.<br>\u0130zlenilen y\u00f6ntemler ve ger\u00e7ekle\u015ftirilen projeler, yaln\u0131zca kamu ve \u00f6zel kurumlar&nbsp; taraf\u0131ndan takdir edilmekle yetinilmeyip, alm\u0131\u015f oldu\u011fu ISO 9001, ISO 14001 ve OHSAS 18001 hizmet kalite belgelerine uygun sistematik \u00e7\u00f6z\u00fcmlerle T\u00fcrkiye nin yan\u0131 s\u0131ra uluslararas\u0131 platformda da yer almak.<\/p>\n\n\n\n<div class=\"wp-block-safirtema-mainheading singleHeading\"><div class=\"icon safiricon\"><svg class=\"safiricon-kurumsal\"><use href=\"#safiricon-kurumsal\"><\/use><\/svg><\/div><div class=\"text\">Vizyonumuz<\/div><\/div>\n\n\n\n<p>Ekonomik ve sorunsuz hizmet sunmak.<br>Kurumsal m\u00fckemmelli\u011fin \u00f6n ko\u015fulu olan ekip m\u00fckemmelli\u011fi ile birlikte in\u015faat konusunda T\u00fcrkiye\u2019de verdi\u011fimiz hizmetlerin geli\u015fimini ve s\u00fcreklili\u011fini sa\u011flamak.<br>Kamu kurumlar\u0131 ile \u00f6zel sekt\u00f6r hizmet alanlar\u0131nda k\u00fcresel \u015firket olarak yetenek ve bilgilerimiz sunmak.<\/p>\n\n\n\n<div class=\"wp-block-safirtema-mainheading singleHeading\"><div class=\"icon safiricon\"><svg class=\"safiricon-takvim\"><use href=\"#safiricon-takvim\"><\/use><\/svg><\/div><div class=\"text\">Firma Politikam\u0131z<\/div><\/div>\n\n\n\n<p>M\u00fc\u015fteri beklentilerini her defas\u0131nda , zaman\u0131nda ve tam olarak kar\u015f\u0131lamak ; \u00e7evreye sayg\u0131l\u0131 , estetik ve fonksiyonel a\u00e7\u0131dan m\u00fc\u015fteri memnuniyetini en \u00fcst d\u00fczeyde sa\u011flayacak hizmeti sunmakt\u0131r.<br>Hizmette g\u00fcven , m\u00fc\u015fteri memnuniyeti, kalite , h\u0131z ve stabilite prensiplerine ba\u011fl\u0131 , etik de\u011ferleri olan, m\u00fc\u015fteri odakl\u0131 \u00e7\u00f6z\u00fcmlere \u00f6nem veren , sosyal sorumluluk sahibi bir in\u015faat firmas\u0131 olmak ve %100 m\u00fc\u015fteri memnuniyeti sa\u011flamakt\u0131r\u2026<\/p>\n\n\n\n<div class=\"wp-block-safirtema-mainheading singleHeading\"><div class=\"icon safiricon\"><svg class=\"safiricon-takvim\"><use href=\"#safiricon-takvim\"><\/use><\/svg><\/div><div class=\"text\">Kalite Politikam\u0131z<\/div><\/div>\n\n\n\n<p>-Mevcut ve muhtemel m\u00fc\u015fterilerin ihtiya\u00e7 ve beklentilerini kar\u015f\u0131lamak ve m\u00fc\u015fteri beklentilerinin \u00fczerinde hizmet sunmak ,<br>-Kalite y\u00f6netim sistemi gereklerini yerine getirmek , sistemin verimli \u00e7al\u0131\u015fmas\u0131n\u0131 ve s\u00fcrekli geli\u015fmesini sa\u011flamak,<br>-\u00c7al\u0131\u015fanlar\u0131m\u0131z\u0131n motivasyonunu y\u00fcksek tutmak ve performanslar\u0131n\u0131n geli\u015ftirilmesini sa\u011flamak,<br>-Tedarik\u00e7ilerimizi i\u015f orta\u011f\u0131 olarak g\u00f6rmek , aram\u0131zdaki sayg\u0131 ve g\u00fcvenirli\u011fi her zaman en \u00fcst d\u00fczeyde tutmak,<br>-Yeniliklere a\u00e7\u0131k olmak , son teknolojileri kullanmak ve her zaman daha iyiyi&nbsp;aramak,<br>-\u0130\u015f g\u00fcvenli\u011fi ve \u00e7evrenin korunmas\u0131 konular\u0131nda duyarl\u0131 ve dikkatli olmak,<br>-Faaliyetlerimizi yasalara ve standartlara uygun olarak s\u00fcrd\u00fcrmek,<br>-Kaynaklar\u0131m\u0131z\u0131 en verimli \u015fekilde kullanmak ,&nbsp;\u0130nsana \u00f6nem veren ve insan hayat\u0131n\u0131n de\u011ferini bilerek sekt\u00f6rde&nbsp;hakl\u0131 olarak elde etti\u011fimiz \u00fcnvan\u0131 g\u00fcvenli ve kaliteli i\u015flerle s\u00fcrd\u00fcrmek,<br>-Taahh\u00fctlerimizi proje ve tekni\u011fe uygun olarak in\u015faa etmek,<br>-Hayat\u0131 daha da ya\u015fanabilir k\u0131lmak i\u00e7in insan\u0131m\u0131za standard\u0131 y\u00fcksek mekanlar sunmakt\u0131r\u2026<\/p>\n\n\n\n<a class=\"wp-block-safirtema-safirbutton safirButton\" href=\"https:\/\/malatyakaleprefabrik.com\/iletisim\" rel=\"\"><div class=\"icon safiricon\"><svg class=\"safiricon-iletisim\"><use href=\"#safiricon-iletisim\"><\/use><\/svg><\/div>Bizimle \u0130leti\u015fime Ge\u00e7in<\/a>\n","protected":false},"excerpt":{"rendered":"<p>Malatya Kale Prefabrik 2016 y\u0131l\u0131nda Malatya\u2019da Kurulmu\u015f ve\u00a0\u0130n\u015faat sekt\u00f6r\u00fcnde orta ve b\u00fcy\u00fck \u00f6l\u00e7ekli projelerin geli\u015ftirilmesi, \u00fclkemize yeni in\u015faat teknolojilerinin getirilmesi ve teknolojideki son yenilikleri takip ederek in\u015faat sekt\u00f6r\u00fcm\u00fcz\u00fcn \u00e7a\u011fda\u015f d\u00fczeye ula\u015fmas\u0131na katk\u0131 sunmak amac\u0131yla Malatya\u2019da kurulmu\u015f olan\u00a0Malatya Kale Prefabrik, kurulu\u015fundan beri s\u00fcregelen profesyonellik, yarat\u0131c\u0131l\u0131k, d\u00fcr\u00fcstl\u00fck ve pazar\u0131 geli\u015ftirme \u00f6zellikleriyle istikrarl\u0131 bir b\u00fcy\u00fcme g\u00f6stererek in\u015faat d\u00fcnyas\u0131nda [&hellip;]<\/p>\n","protected":false},"author":1,"featured_media":0,"parent":0,"menu_order":0,"comment_status":"closed","ping_status":"closed","template":"","meta":{"footnotes":""},"aioseo_notices":[],"_links":{"self":[{"href":"https:\/\/malatyakaleprefabrik.com\/index.php?rest_route=\/wp\/v2\/pages\/11"}],"collection":[{"href":"https:\/\/malatyakaleprefabrik.com\/index.php?rest_route=\/wp\/v2\/pages"}],"about":[{"href":"https:\/\/malatyakaleprefabrik.com\/index.php?rest_route=\/wp\/v2\/types\/page"}],"author":[{"embeddable":true,"href":"https:\/\/malatyakaleprefabrik.com\/index.php?rest_route=\/wp\/v2\/users\/1"}],"replies":[{"embeddable":true,"href":"https:\/\/malatyakaleprefabrik.com\/index.php?rest_route=%2Fwp%2Fv2%2Fcomments&post=11"}],"version-history":[{"count":5,"href":"https:\/\/malatyakaleprefabrik.com\/index.php?rest_route=\/wp\/v2\/pages\/11\/revisions"}],"predecessor-version":[{"id":378,"href":"https:\/\/malatyakaleprefabrik.com\/index.php?rest_route=\/wp\/v2\/pages\/11\/revisions\/378"}],"wp:attachment":[{"href":"https:\/\/malatyakaleprefabrik.com\/index.php?rest_route=%2Fwp%2Fv2%2Fmedia&parent=11"}],"curies":[{"name":"wp","href":"https:\/\/api.w.org\/{rel}","templated":true}]}}