{"id":119,"date":"2017-10-31T14:41:39","date_gmt":"2017-10-31T14:41:39","guid":{"rendered":"http:\/\/demo.safirtema.com\/atlas\/?page_id=119"},"modified":"2024-05-23T20:23:33","modified_gmt":"2024-05-23T20:23:33","slug":"sikca-sorulan-sorular","status":"publish","type":"page","link":"https:\/\/malatyakaleprefabrik.com\/?page_id=119","title":{"rendered":"S\u0131k\u00e7a Sorulan Sorular"},"content":{"rendered":"\n<div class=\"wp-block-safirtema-bgtext descriptionbox buildings\"><div class=\"inner\"><div class=\"icon safiricon\"><svg class=\"safiricon-soru\"><use href=\"#safiricon-soru\"><\/use><\/svg><\/div><div class=\"header\">S\u0131k\u00e7a Sorulan Sorular<\/div><div class=\"content\">Temayla gelen Gutenberg bloklar\u0131 ile a\u015fa\u011f\u0131daki gibi soru cevap kombinasyonlar\u0131 yapabilirsiniz.<\/div><\/div><\/div>\n\n\n\n<div class=\"wp-block-safirtema-sorucevap safir-faq\"><div class=\"question\"><div class=\"safiricon icon\"><svg class=\"safiricon-soru\"><use href=\"#safiricon-soru\"><\/use><\/svg><\/div><span class=\"text\">Radye temelde asans\u00f6r \u00e7ukurunu nas\u0131l tan\u0131mlayabilirim?<\/span><div class=\"openclose plus\"><\/div><\/div><p class=\"answer\">Radye temelde bulunan asans\u00f6r kuyular\u0131n\u0131 statik analiz modelinde tan\u0131mlanmamal\u0131d\u0131r. radye d\u00f6\u015feme \u00e7ukur olmadan analiz edilebilir ve daha sonra temel \u00e7izimlerinde asans\u00f6r \u00e7ukuru detay\u0131 ayr\u0131ca verilebilir. resimdeki gibi bir asans\u00f6r \u00e7ukuru detay\u0131; programda 2d olanaklar\u0131 kullan\u0131larak yap\u0131labilir.<\/p><\/div>\n\n\n\n<div class=\"wp-block-safirtema-sorucevap safir-faq\"><div class=\"question\"><div class=\"safiricon icon\"><svg class=\"safiricon-soru\"><use href=\"#safiricon-soru\"><\/use><\/svg><\/div><span class=\"text\">Perdelere bo\u015fluk nas\u0131l a\u00e7abilirim?<\/span><div class=\"openclose plus\"><\/div><\/div><p class=\"answer\">Perdelere bo\u015fluk a\u00e7abilmek i\u00e7in ilk olarak perdeleri perde komutuyla girip kabuk olarak modellemelisiniz. perdeleri bu \u015fekilde tan\u0131mlad\u0131ktan sonar, kap\u0131 pencere komutunu aktif hale getirin. toolbarda ayarlar ikonuna t\u0131klay\u0131n. a\u00e7\u0131lan diyalogda herhangi bir tip se\u00e7in. yerle\u015fim sekmesinden boyut ve kot ayarlar\u0131n\u0131 yap\u0131p tamama bas\u0131n. \u00e7izdi\u011finiz perdelerin \u00fczerine gelerek bo\u015flu\u011funuzu yerle\u015ftirin.<\/p><\/div>\n\n\n\n<div class=\"wp-block-safirtema-sorucevap safir-faq\"><div class=\"question\"><div class=\"safiricon icon\"><svg class=\"safiricon-soru\"><use href=\"#safiricon-soru\"><\/use><\/svg><\/div><span class=\"text\">Subasman perdelerini nas\u0131l tan\u0131mlayabilirim?<\/span><div class=\"openclose plus\"><\/div><\/div><p class=\"answer\">Kat plan\u0131n\u0131z\u0131 olu\u015fturduktan sonra panel komutunu t\u0131klay\u0131n. a\u00e7\u0131lan yard\u0131mc\u0131 toolbarda ayarlar ikonunu t\u0131klay\u0131n. perdenizin kot ayarlar\u0131n\u0131 olmas\u0131 gereken gibi ayarlad\u0131ktan sonra panel \u00e7izer gibi yerine yerle\u015ftirin. subasman perdelerinin ayarlar\u0131nda subasman\/t\u00fcm katlarda devam etmeyen panel se\u00e7ene\u011fini i\u015faretlerseniz, bu perdelerinizi alfas hesab\u0131na katmam\u0131\u015f olursunuz.<\/p><\/div>\n\n\n\n<div class=\"wp-block-safirtema-sorucevap safir-faq\"><div class=\"question\"><div class=\"safiricon icon\"><svg class=\"safiricon-soru\"><use href=\"#safiricon-soru\"><\/use><\/svg><\/div><span class=\"text\">Ters kiri\u015f nas\u0131l tan\u0131mlar\u0131m?<\/span><div class=\"openclose plus\"><\/div><\/div><p class=\"answer\">Kiri\u015f ayarlar\u0131nda ters kiri\u015fe pozitif kot girdikten sonra, kiri\u015finizi yerle\u015ftirin. dikkat etmeniz gereken konu kiri\u015fin oturdu\u011fu kolonlarda kiri\u015f kotuyla an\u0131 miktarda \u00fcst kot de\u011feri girmelisiniz. e\u011fer bu kolonlar\u0131n\u0131z \u00fcst katlara devam ediyorsa, s\u00fcreklili\u011fin sa\u011flanabilmesi i\u00e7in, \u00fcst katta ayn\u0131 kolonlara ayn\u0131 miktarda kot de\u011feri girmelisiniz.<\/p><\/div>\n\n\n\n<div class=\"wp-block-safirtema-sorucevap safir-faq\"><div class=\"question\"><div class=\"safiricon icon\"><svg class=\"safiricon-soru\"><use href=\"#safiricon-soru\"><\/use><\/svg><\/div><span class=\"text\">Ara sahanl\u0131k kiri\u015fi nas\u0131l tan\u0131mlar\u0131m?<\/span><div class=\"openclose plus\"><\/div><\/div><p class=\"answer\">Kiri\u015fi tan\u0131mlamadan \u00f6nce ayarlar\u0131na girip kot k\u0131sm\u0131na kat tavan\u0131ndan a\u015fa\u011f\u0131 olacak \u015fekilde negatif kot de\u011ferini girin. tamam\u0131 t\u0131klad\u0131ktan sonra ayn\u0131 kiri\u015f girer gibi ara sahanl\u0131k kiri\u015fini olu\u015fturun.<\/p><\/div>\n\n\n\n<div class=\"wp-block-safirtema-sorucevap safir-faq\"><div class=\"question\"><div class=\"safiricon icon\"><svg class=\"safiricon-soru\"><use href=\"#safiricon-soru\"><\/use><\/svg><\/div><span class=\"text\">Elemanlara d\u0131\u015f y\u00fck nas\u0131l tan\u0131mlar\u0131m?<\/span><div class=\"openclose plus\"><\/div><\/div><p class=\"answer\">D\u0131\u015f y\u00fck tan\u0131mlamak istedi\u011finiz eleman\u0131 plan penceresinde se\u00e7tikten sonra eleman\u0131n \u00fczerinde farenin sa\u011f tu\u015funa bas\u0131n. a\u00e7\u0131lan men\u00fcde y\u00fck ekle ba\u015fl\u0131\u011f\u0131 alt\u0131ndaki se\u00e7eneklerini kullanarak istedi\u011finiz b\u00fcy\u00fckl\u00fc\u011fe ve geometriye sahip y\u00fckleri tan\u0131mlayabilirsiniz. perdelere d\u00fc\u015fey ve yatay y\u00fck tan\u0131mlayabilmek i\u00e7in perdeleri panel objesi ile girip kabuk olarak modellemelisiniz.<\/p><\/div>\n\n\n\n<div class=\"wp-block-safirtema-sorucevap safir-faq\"><div class=\"question\"><div class=\"safiricon icon\"><svg class=\"safiricon-soru\"><use href=\"#safiricon-soru\"><\/use><\/svg><\/div><span class=\"text\">Tan\u0131mlad\u0131\u011f\u0131m d\u0131\u015f y\u00fckleri ekranda nas\u0131l g\u00f6rebilirim?<\/span><div class=\"openclose plus\"><\/div><\/div><p class=\"answer\">D\u0131\u015f y\u00fckleri perspektif penceresinde 3b \u00e7er\u00e7evede moduna ge\u00e7tikten sonra y\u00fcklemeler ba\u015fl\u0131\u011f\u0131 alt\u0131ndaki uygun se\u00e7enekler se\u00e7ilerek incelenebilir.<\/p><\/div>\n\n\n\n<div class=\"wp-block-safirtema-sorucevap safir-faq\"><div class=\"question\"><div class=\"safiricon icon\"><svg class=\"safiricon-soru\"><use href=\"#safiricon-soru\"><\/use><\/svg><\/div><span class=\"text\">Tan\u0131mlad\u0131\u011f\u0131m d\u0131\u015f y\u00fckleri raporlarda nas\u0131l g\u00f6rebilirim?<\/span><div class=\"openclose plus\"><\/div><\/div><p class=\"answer\">Raporlar\/se\u00e7meli raporlar se\u00e7ene\u011fini t\u0131klad\u0131ktan sonra a\u00e7\u0131l\u0131na diyalo\u011fun en alt\u0131nda bulunan di\u011fer se\u00e7ene\u011fi alt\u0131ndaki kullan\u0131c\u0131 tan\u0131ml\u0131 y\u00fckler sat\u0131r\u0131n\u0131 i\u015faretleyerek y\u00fcklerinizi raporlarda bast\u0131rabilirsiniz. kabuk olarak modellenen perdelere tan\u0131mlanan d\u00fc\u015fey ve yatay y\u00fckler raporda bas\u0131lmamaktad\u0131r ancak analiz modelinde incelenebilir.<\/p><\/div>\n\n\n\n<div class=\"wp-block-safirtema-sorucevap safir-faq\"><div class=\"question\"><div class=\"safiricon icon\"><svg class=\"safiricon-soru\"><use href=\"#safiricon-soru\"><\/use><\/svg><\/div><span class=\"text\">Kolonlar\u0131mda b uyar\u0131s\u0131 mevcut. nas\u0131l \u00e7\u00f6zebilirim?<\/span><div class=\"openclose plus\"><\/div><\/div><p class=\"answer\">Kolon kiri\u015f birle\u015fim b\u00f6lgesindeki sorunun hangi elemanlardan kaynakland\u0131\u011f\u0131n\u0131 tespit edebilmek i\u00e7in, ilk olarak betonarme men\u00fcs\u00fcnden kolon sat\u0131r\u0131na t\u0131klayarak kolon betonarme diyalo\u011funa girin. buradan problemli eleman\u0131n\u0131z\u0131n \u00fczerine bir kez farenin sol tu\u015fu ile t\u0131klay\u0131n. birle\u015fim b\u00f6lgesi g\u00fcvenli\u011fi sat\u0131r\u0131n\u0131 t\u0131klay\u0131n ve a\u00e7\u0131lan pencereden sorunun oldu\u011fu y\u00f6ndeki elemanlar\u0131 tespit edebilirsiniz. tespit ettikten sonra ilgili y\u00f6nde a\u015fa\u011f\u0131daki \u00f6nerileri uygulayabilirsiniz.<\/p><\/div>\n\n\n\n<div class=\"wp-block-safirtema-sorucevap safir-faq\"><div class=\"question\"><div class=\"safiricon icon\"><svg class=\"safiricon-soru\"><use href=\"#safiricon-soru\"><\/use><\/svg><\/div><span class=\"text\">D\u00f6\u015femede \u00e7ift donat\u0131 uyar\u0131 veriyor. nas\u0131l \u00e7\u00f6zebilirim?<\/span><div class=\"openclose plus\"><\/div><\/div><p class=\"answer\">D\u00f6\u015femelerde \u00e7ift donat\u0131 uyar\u0131s\u0131n\u0131n en muhtemel sebebi d\u00f6\u015feme s\u0131n\u0131rlar\u0131n\u0131n do\u011fru olu\u015fturulamamas\u0131d\u0131r. kat\u0131n\u0131z\u0131 plan penceresinde tamamen g\u00f6rebilecek \u015fekilde ekran\u0131n\u0131za getirdikten sonra analiz men\u00fcs\u00fc alt\u0131ndan d\u00f6\u015feme analizi butonuna bas\u0131n. ayn\u0131 kotta, bir birleri ile do\u011frudan ba\u011flant\u0131l\u0131 d\u00f6\u015femelerinizin k\u0131rm\u0131z\u0131 d\u0131\u015f konturlar\u0131 tek seferde olu\u015fturulmuyor, par\u00e7a par\u00e7a olu\u015fturuluyorsa s\u0131n\u0131rlar\u0131n\u0131z hatal\u0131 demektir(resim 1). bu durumda d\u00f6\u015femelerinizi kontrol edip hatal\u0131 d\u00f6\u015femeleri bulup durumu d\u00fczeltebilir ya da tamam\u0131n\u0131 silip d\u00f6\u015femelerinizi tekrar yerle\u015ftirmeyi deneyebilirsiniz. do\u011fru bir \u015fekilde yerle\u015ftirilen d\u00f6\u015femelerinizin konturlar\u0131 resim 2&#8217;de g\u00f6sterildi\u011fi gibi olu\u015fmal\u0131d\u0131r.<\/p><\/div>\n","protected":false},"excerpt":{"rendered":"","protected":false},"author":1,"featured_media":0,"parent":0,"menu_order":0,"comment_status":"closed","ping_status":"closed","template":"","meta":{"footnotes":""},"aioseo_notices":[],"_links":{"self":[{"href":"https:\/\/malatyakaleprefabrik.com\/index.php?rest_route=\/wp\/v2\/pages\/119"}],"collection":[{"href":"https:\/\/malatyakaleprefabrik.com\/index.php?rest_route=\/wp\/v2\/pages"}],"about":[{"href":"https:\/\/malatyakaleprefabrik.com\/index.php?rest_route=\/wp\/v2\/types\/page"}],"author":[{"embeddable":true,"href":"https:\/\/malatyakaleprefabrik.com\/index.php?rest_route=\/wp\/v2\/users\/1"}],"replies":[{"embeddable":true,"href":"https:\/\/malatyakaleprefabrik.com\/index.php?rest_route=%2Fwp%2Fv2%2Fcomments&post=119"}],"version-history":[{"count":7,"href":"https:\/\/malatyakaleprefabrik.com\/index.php?rest_route=\/wp\/v2\/pages\/119\/revisions"}],"predecessor-version":[{"id":383,"href":"https:\/\/malatyakaleprefabrik.com\/index.php?rest_route=\/wp\/v2\/pages\/119\/revisions\/383"}],"wp:attachment":[{"href":"https:\/\/malatyakaleprefabrik.com\/index.php?rest_route=%2Fwp%2Fv2%2Fmedia&parent=119"}],"curies":[{"name":"wp","href":"https:\/\/api.w.org\/{rel}","templated":true}]}}