{"id":15,"date":"2017-10-30T15:50:07","date_gmt":"2017-10-30T15:50:07","guid":{"rendered":"http:\/\/demo.safirtema.com\/atlas\/?page_id=15"},"modified":"2024-05-23T20:39:29","modified_gmt":"2024-05-23T20:39:29","slug":"cozum-ortaklari","status":"publish","type":"page","link":"https:\/\/malatyakaleprefabrik.com\/?page_id=15","title":{"rendered":"\u00c7\u00f6z\u00fcm Ortaklar\u0131"},"content":{"rendered":"\n<figure class=\"wp-block-gallery has-nested-images columns-3 wp-block-gallery-1 is-layout-flex wp-block-gallery-is-layout-flex\">\n<figure class=\"wp-block-image size-full\"><img loading=\"lazy\" decoding=\"async\" width=\"883\" height=\"296\" data-id=\"384\" src=\"https:\/\/malatyakaleprefabrik.com\/wp-content\/uploads\/2024\/05\/Cimsa_logo.png\" alt=\"\" class=\"wp-image-384\" srcset=\"https:\/\/malatyakaleprefabrik.com\/wp-content\/uploads\/2024\/05\/Cimsa_logo.png 883w, https:\/\/malatyakaleprefabrik.com\/wp-content\/uploads\/2024\/05\/Cimsa_logo-300x101.png 300w, https:\/\/malatyakaleprefabrik.com\/wp-content\/uploads\/2024\/05\/Cimsa_logo-768x257.png 768w\" sizes=\"(max-width: 883px) 100vw, 883px\" \/><\/figure>\n\n\n\n<figure class=\"wp-block-image size-full\"><img loading=\"lazy\" decoding=\"async\" width=\"800\" height=\"420\" data-id=\"385\" src=\"https:\/\/malatyakaleprefabrik.com\/wp-content\/uploads\/2024\/05\/Erdemir_logo.svg_.png\" alt=\"\" class=\"wp-image-385\" srcset=\"https:\/\/malatyakaleprefabrik.com\/wp-content\/uploads\/2024\/05\/Erdemir_logo.svg_.png 800w, https:\/\/malatyakaleprefabrik.com\/wp-content\/uploads\/2024\/05\/Erdemir_logo.svg_-300x158.png 300w, https:\/\/malatyakaleprefabrik.com\/wp-content\/uploads\/2024\/05\/Erdemir_logo.svg_-768x403.png 768w\" sizes=\"(max-width: 800px) 100vw, 800px\" \/><\/figure>\n\n\n\n<figure class=\"wp-block-image size-full\"><img loading=\"lazy\" decoding=\"async\" width=\"866\" height=\"650\" data-id=\"386\" src=\"https:\/\/malatyakaleprefabrik.com\/wp-content\/uploads\/2024\/05\/habas5714.logowik.com_.webp\" alt=\"\" class=\"wp-image-386\" srcset=\"https:\/\/malatyakaleprefabrik.com\/wp-content\/uploads\/2024\/05\/habas5714.logowik.com_.webp 866w, https:\/\/malatyakaleprefabrik.com\/wp-content\/uploads\/2024\/05\/habas5714.logowik.com_-300x225.webp 300w, https:\/\/malatyakaleprefabrik.com\/wp-content\/uploads\/2024\/05\/habas5714.logowik.com_-768x576.webp 768w\" sizes=\"(max-width: 866px) 100vw, 866px\" \/><\/figure>\n\n\n\n<figure class=\"wp-block-image size-full\"><img loading=\"lazy\" decoding=\"async\" width=\"641\" height=\"380\" data-id=\"387\" src=\"https:\/\/malatyakaleprefabrik.com\/wp-content\/uploads\/2024\/05\/icdas-tan-personele-rekor-zam-yapildi-6014.jpg\" alt=\"\" class=\"wp-image-387\" srcset=\"https:\/\/malatyakaleprefabrik.com\/wp-content\/uploads\/2024\/05\/icdas-tan-personele-rekor-zam-yapildi-6014.jpg 641w, https:\/\/malatyakaleprefabrik.com\/wp-content\/uploads\/2024\/05\/icdas-tan-personele-rekor-zam-yapildi-6014-300x178.jpg 300w\" sizes=\"(max-width: 641px) 100vw, 641px\" \/><\/figure>\n\n\n\n<figure class=\"wp-block-image size-large\"><img loading=\"lazy\" decoding=\"async\" width=\"1024\" height=\"538\" data-id=\"389\" src=\"https:\/\/malatyakaleprefabrik.com\/wp-content\/uploads\/2024\/05\/ai_kk_45217_6022024015403-1024x538.webp\" alt=\"\" class=\"wp-image-389\" srcset=\"https:\/\/malatyakaleprefabrik.com\/wp-content\/uploads\/2024\/05\/ai_kk_45217_6022024015403-1024x538.webp 1024w, https:\/\/malatyakaleprefabrik.com\/wp-content\/uploads\/2024\/05\/ai_kk_45217_6022024015403-300x158.webp 300w, https:\/\/malatyakaleprefabrik.com\/wp-content\/uploads\/2024\/05\/ai_kk_45217_6022024015403-768x403.webp 768w, https:\/\/malatyakaleprefabrik.com\/wp-content\/uploads\/2024\/05\/ai_kk_45217_6022024015403.webp 1200w\" sizes=\"(max-width: 1024px) 100vw, 1024px\" \/><\/figure>\n\n\n\n<figure class=\"wp-block-image size-full\"><img loading=\"lazy\" decoding=\"async\" width=\"225\" height=\"225\" data-id=\"391\" src=\"https:\/\/malatyakaleprefabrik.com\/wp-content\/uploads\/2024\/05\/images-1.png\" alt=\"\" class=\"wp-image-391\" srcset=\"https:\/\/malatyakaleprefabrik.com\/wp-content\/uploads\/2024\/05\/images-1.png 225w, https:\/\/malatyakaleprefabrik.com\/wp-content\/uploads\/2024\/05\/images-1-150x150.png 150w\" sizes=\"(max-width: 225px) 100vw, 225px\" \/><\/figure>\n\n\n\n<figure class=\"wp-block-image size-full\"><img loading=\"lazy\" decoding=\"async\" width=\"347\" height=\"145\" data-id=\"392\" src=\"https:\/\/malatyakaleprefabrik.com\/wp-content\/uploads\/2024\/05\/images.png\" alt=\"\" class=\"wp-image-392\" srcset=\"https:\/\/malatyakaleprefabrik.com\/wp-content\/uploads\/2024\/05\/images.png 347w, https:\/\/malatyakaleprefabrik.com\/wp-content\/uploads\/2024\/05\/images-300x125.png 300w\" sizes=\"(max-width: 347px) 100vw, 347px\" \/><\/figure>\n<\/figure>\n","protected":false},"excerpt":{"rendered":"","protected":false},"author":1,"featured_media":0,"parent":0,"menu_order":0,"comment_status":"closed","ping_status":"closed","template":"pages\/page-references.php","meta":{"footnotes":""},"aioseo_notices":[],"_links":{"self":[{"href":"https:\/\/malatyakaleprefabrik.com\/index.php?rest_route=\/wp\/v2\/pages\/15"}],"collection":[{"href":"https:\/\/malatyakaleprefabrik.com\/index.php?rest_route=\/wp\/v2\/pages"}],"about":[{"href":"https:\/\/malatyakaleprefabrik.com\/index.php?rest_route=\/wp\/v2\/types\/page"}],"author":[{"embeddable":true,"href":"https:\/\/malatyakaleprefabrik.com\/index.php?rest_route=\/wp\/v2\/users\/1"}],"replies":[{"embeddable":true,"href":"https:\/\/malatyakaleprefabrik.com\/index.php?rest_route=%2Fwp%2Fv2%2Fcomments&post=15"}],"version-history":[{"count":8,"href":"https:\/\/malatyakaleprefabrik.com\/index.php?rest_route=\/wp\/v2\/pages\/15\/revisions"}],"predecessor-version":[{"id":393,"href":"https:\/\/malatyakaleprefabrik.com\/index.php?rest_route=\/wp\/v2\/pages\/15\/revisions\/393"}],"wp:attachment":[{"href":"https:\/\/malatyakaleprefabrik.com\/index.php?rest_route=%2Fwp%2Fv2%2Fmedia&parent=15"}],"curies":[{"name":"wp","href":"https:\/\/api.w.org\/{rel}","templated":true}]}}